{"id":33,"date":"2019-03-26T21:59:04","date_gmt":"2019-03-26T21:59:04","guid":{"rendered":"https:\/\/mojoca.org.gt\/web\/?page_id=33"},"modified":"2019-03-27T16:47:23","modified_gmt":"2019-03-27T16:47:23","slug":"historia","status":"publish","type":"page","link":"https:\/\/mojoca.org.gt\/web\/historia\/","title":{"rendered":"Historia"},"content":{"rendered":"\t\t<div data-elementor-type=\"wp-post\" data-elementor-id=\"33\" class=\"elementor elementor-33\">\n\t\t\t\t\t\t<section class=\"elementor-section elementor-top-section elementor-element elementor-element-702ed38 elementor-section-boxed elementor-section-height-default elementor-section-height-default\" data-id=\"702ed38\" data-element_type=\"section\">\n\t\t\t\t\t\t<div class=\"elementor-container elementor-column-gap-default\">\n\t\t\t\t\t<div class=\"elementor-column elementor-col-100 elementor-top-column elementor-element elementor-element-76e1060\" data-id=\"76e1060\" data-element_type=\"column\">\n\t\t\t<div class=\"elementor-widget-wrap elementor-element-populated\">\n\t\t\t\t\t\t<div class=\"elementor-element elementor-element-fc55237 elementor-widget elementor-widget-spacer\" data-id=\"fc55237\" data-element_type=\"widget\" data-widget_type=\"spacer.default\">\n\t\t\t\t<div class=\"elementor-widget-container\">\n\t\t\t\t\t\t\t<div class=\"elementor-spacer\">\n\t\t\t<div class=\"elementor-spacer-inner\"><\/div>\n\t\t<\/div>\n\t\t\t\t\t\t<\/div>\n\t\t\t\t<\/div>\n\t\t\t\t\t<\/div>\n\t\t<\/div>\n\t\t\t\t\t<\/div>\n\t\t<\/section>\n\t\t\t\t<section class=\"elementor-section elementor-top-section elementor-element elementor-element-ab1ac90 elementor-section-boxed elementor-section-height-default elementor-section-height-default\" data-id=\"ab1ac90\" data-element_type=\"section\">\n\t\t\t\t\t\t<div class=\"elementor-container elementor-column-gap-default\">\n\t\t\t\t\t<div class=\"elementor-column elementor-col-100 elementor-top-column elementor-element elementor-element-e095ca9\" data-id=\"e095ca9\" data-element_type=\"column\">\n\t\t\t<div class=\"elementor-widget-wrap\">\n\t\t\t\t\t\t\t<\/div>\n\t\t<\/div>\n\t\t\t\t\t<\/div>\n\t\t<\/section>\n\t\t\t\t<section class=\"elementor-section elementor-top-section elementor-element elementor-element-3ae3684 elementor-section-boxed elementor-section-height-default elementor-section-height-default\" data-id=\"3ae3684\" data-element_type=\"section\">\n\t\t\t\t\t\t<div class=\"elementor-container elementor-column-gap-default\">\n\t\t\t\t\t<div class=\"elementor-column elementor-col-100 elementor-top-column elementor-element elementor-element-4327f45\" data-id=\"4327f45\" data-element_type=\"column\">\n\t\t\t<div class=\"elementor-widget-wrap\">\n\t\t\t\t\t\t\t<\/div>\n\t\t<\/div>\n\t\t\t\t\t<\/div>\n\t\t<\/section>\n\t\t\t\t<section class=\"elementor-section elementor-top-section elementor-element elementor-element-763dfff elementor-section-content-middle elementor-reverse-mobile elementor-section-boxed elementor-section-height-default elementor-section-height-default elementor-invisible\" data-id=\"763dfff\" data-element_type=\"section\" data-settings=\"{&quot;animation&quot;:&quot;rotateInUpRight&quot;}\">\n\t\t\t\t\t\t<div class=\"elementor-container elementor-column-gap-default\">\n\t\t\t\t\t<div class=\"elementor-column elementor-col-50 elementor-top-column elementor-element elementor-element-4cab2981\" data-id=\"4cab2981\" data-element_type=\"column\">\n\t\t\t<div class=\"elementor-widget-wrap elementor-element-populated\">\n\t\t\t\t\t\t<div class=\"elementor-element elementor-element-34fd71d elementor-widget elementor-widget-image\" data-id=\"34fd71d\" data-element_type=\"widget\" data-widget_type=\"image.default\">\n\t\t\t\t<div class=\"elementor-widget-container\">\n\t\t\t\t\t\t\t\t\t\t\t\t\t\t\t<img fetchpriority=\"high\" decoding=\"async\" width=\"960\" height=\"542\" src=\"https:\/\/mojoca.org.gt\/web\/wp-content\/uploads\/2019\/03\/50679379_2665866190092057_4206161077559361536_n.jpg\" class=\"attachment-full size-full wp-image-86\" alt=\"\" srcset=\"https:\/\/mojoca.org.gt\/web\/wp-content\/uploads\/2019\/03\/50679379_2665866190092057_4206161077559361536_n.jpg 960w, https:\/\/mojoca.org.gt\/web\/wp-content\/uploads\/2019\/03\/50679379_2665866190092057_4206161077559361536_n-300x169.jpg 300w, https:\/\/mojoca.org.gt\/web\/wp-content\/uploads\/2019\/03\/50679379_2665866190092057_4206161077559361536_n-768x434.jpg 768w\" sizes=\"(max-width: 960px) 100vw, 960px\" \/>\t\t\t\t\t\t\t\t\t\t\t\t\t\t\t<\/div>\n\t\t\t\t<\/div>\n\t\t\t\t\t<\/div>\n\t\t<\/div>\n\t\t\t\t<div class=\"elementor-column elementor-col-50 elementor-top-column elementor-element elementor-element-4a7bfe90\" data-id=\"4a7bfe90\" data-element_type=\"column\">\n\t\t\t<div class=\"elementor-widget-wrap\">\n\t\t\t\t\t\t\t<\/div>\n\t\t<\/div>\n\t\t\t\t\t<\/div>\n\t\t<\/section>\n\t\t\t\t<section class=\"elementor-section elementor-top-section elementor-element elementor-element-891d89d elementor-section-boxed elementor-section-height-default elementor-section-height-default\" data-id=\"891d89d\" data-element_type=\"section\">\n\t\t\t\t\t\t<div class=\"elementor-container elementor-column-gap-default\">\n\t\t\t\t\t<div class=\"elementor-column elementor-col-100 elementor-top-column elementor-element elementor-element-d43c7ff\" data-id=\"d43c7ff\" data-element_type=\"column\">\n\t\t\t<div class=\"elementor-widget-wrap\">\n\t\t\t\t\t\t\t<\/div>\n\t\t<\/div>\n\t\t\t\t\t<\/div>\n\t\t<\/section>\n\t\t\t\t<section class=\"elementor-section elementor-top-section elementor-element elementor-element-1a3dfe3 elementor-section-content-middle elementor-section-boxed elementor-section-height-default elementor-section-height-default elementor-invisible\" data-id=\"1a3dfe3\" data-element_type=\"section\" data-settings=\"{&quot;animation&quot;:&quot;rotateInUpRight&quot;}\">\n\t\t\t\t\t\t<div class=\"elementor-container elementor-column-gap-default\">\n\t\t\t\t\t<div class=\"elementor-column elementor-col-50 elementor-top-column elementor-element elementor-element-15161db\" data-id=\"15161db\" data-element_type=\"column\">\n\t\t\t<div class=\"elementor-widget-wrap\">\n\t\t\t\t\t\t\t<\/div>\n\t\t<\/div>\n\t\t\t\t<div class=\"elementor-column elementor-col-50 elementor-top-column elementor-element elementor-element-1ac1852\" data-id=\"1ac1852\" data-element_type=\"column\">\n\t\t\t<div class=\"elementor-widget-wrap elementor-element-populated\">\n\t\t\t\t\t\t<div class=\"elementor-element elementor-element-3daf9ce elementor-widget elementor-widget-image\" data-id=\"3daf9ce\" data-element_type=\"widget\" data-widget_type=\"image.default\">\n\t\t\t\t<div class=\"elementor-widget-container\">\n\t\t\t\t\t\t\t\t\t\t\t\t\t\t\t<img decoding=\"async\" width=\"448\" height=\"299\" src=\"https:\/\/mojoca.org.gt\/web\/wp-content\/uploads\/2019\/03\/IMG_4052.jpg\" class=\"attachment-full size-full wp-image-105\" alt=\"\" srcset=\"https:\/\/mojoca.org.gt\/web\/wp-content\/uploads\/2019\/03\/IMG_4052.jpg 448w, https:\/\/mojoca.org.gt\/web\/wp-content\/uploads\/2019\/03\/IMG_4052-300x200.jpg 300w\" sizes=\"(max-width: 448px) 100vw, 448px\" \/>\t\t\t\t\t\t\t\t\t\t\t\t\t\t\t<\/div>\n\t\t\t\t<\/div>\n\t\t\t\t\t<\/div>\n\t\t<\/div>\n\t\t\t\t\t<\/div>\n\t\t<\/section>\n\t\t\t\t<section class=\"elementor-section elementor-top-section elementor-element elementor-element-4ad975c1 elementor-section-boxed elementor-section-height-default elementor-section-height-default elementor-invisible\" data-id=\"4ad975c1\" data-element_type=\"section\" data-settings=\"{&quot;background_background&quot;:&quot;classic&quot;,&quot;animation&quot;:&quot;rotateInDownRight&quot;}\">\n\t\t\t\t\t\t<div class=\"elementor-container elementor-column-gap-default\">\n\t\t\t\t\t<div class=\"elementor-column elementor-col-100 elementor-top-column elementor-element elementor-element-37be5a96\" data-id=\"37be5a96\" data-element_type=\"column\">\n\t\t\t<div class=\"elementor-widget-wrap elementor-element-populated\">\n\t\t\t\t\t\t<div class=\"elementor-element elementor-element-474ed56a elementor-widget elementor-widget-text-editor\" data-id=\"474ed56a\" data-element_type=\"widget\" data-widget_type=\"text-editor.default\">\n\t\t\t\t<div class=\"elementor-widget-container\">\n\t\t\t\t\t\t\t\t\t<p style=\"text-align: left;\">El sue\u00f1o de un movimiento dirigido por las y los j\u00f3venes de la calle empez\u00f3 a desarrollarse a partir de una investigaci\u00f3n realizada en los meses de abril y mayo del \u201993. G\u00e8rard Lutte, profesor de psicolog\u00eda de la infancia y adolescencia, en la primera Universidad de Roma \u201cLa Sapienza\u201d, recogi\u00f3 las biograf\u00edas de cincuenta y siete muchachas y muchachos de la calle, compartiendo tiempos de su vida en la calle y en casas-hogares, constatando que muchas muchachas y muchachos no lograban quedarse por mucho tiempo en las instituciones, que no soportaban ser sometidos a las reglas de los adultos, a no decidir su propia vida, a ser separados de su compa\u00f1era o compa\u00f1ero o de sus hijos.<\/p><p style=\"text-align: left;\">Un sue\u00f1o alternativo empez\u00f3 a formarse en relaciones de amistad con las muchachas y los muchachos de la calle, escuchando sus necesidades, tratando de apoyarlos en sus esfuerzos por realizar sus sue\u00f1os con becas de estudio, apoy\u00e1ndolos para alquilar un cuarto o empezar a trabajar.<\/p><p style=\"text-align: left;\">Hoy todas las muchachas que fueron apoyadas en estos a\u00f1os viven fuera de la calle despu\u00e9s de un recorrido dif\u00edcil y tortuoso. Las muchachas de la calle han sufrido en la infancia abandonos, violencias, violaciones, est\u00e1n heridas en el cuerpo y en el alma. No es f\u00e1cil para ellas reivindicar sus derechos de personas humanas. Juntos, hemos entendido que dejadas solas a s\u00ed mismas, era demasiado dif\u00edcil cambiar de vida, que era necesario organizar encuentros con ellas, formar un grupo de auto-ayuda. As\u00ed naci\u00f3 el grupo de las Quetzalitas.<\/p><p style=\"text-align: left;\">Este grupo respond\u00eda a las exigencias de un n\u00famero muy restringido de muchachas, las que quer\u00edan salir de la calle. \u00bfQu\u00e9 hacer con todas las otras y con los muchachos que viv\u00edan en la calle y que encontr\u00e1bamos todos los d\u00edas? Con las muchachas, menos numerosas que sus compa\u00f1eros, se organizaba actividades todos los domingos, d\u00eda de descanso de las instituciones. Hablando con las muchachas y los muchachos, fuimos entendiendo poco a poco que era necesario crear en la calle, una organizaci\u00f3n auto-promovida que fuese capaz de defender sus derechos, mejorar su calidad de vida y tambi\u00e9n apoyar a aquellas y aquellos que quer\u00edan volver a la sociedad. En una asamblea realizada en 1996 en Amatitl\u00e1n, con unas ochenta muchachas y muchachos de varios grupos de la calle, la propuesta de formar una asociaci\u00f3n auto-promovida fue aprobada por unanimidad. Fue tambi\u00e9n discutido el tipo de organizaci\u00f3n articulada en asambleas de grupos, asambleas generales y coordinaci\u00f3n formados por delegados de cada grupo. Se traz\u00f3 tambi\u00e9n un programa para responder a las exigencias vitales de la poblaci\u00f3n de la calle.<\/p><p style=\"text-align: left;\">Este sue\u00f1o pudo realizarse porque fue compartido por muchas amigas y amigos que formaron una Red de Amistad con las Muchachas y Muchachos de la Calle (Rete di Amicizia con le Ragazze e Ragazzi di Strada en Italia). Su aporte generoso nos permiti\u00f3 un acuerdo con la ONG \u201cTerra Nuova\u201d que obtuvo de la Uni\u00f3n Europea una subvenci\u00f3n que nos permiti\u00f3 comprar una casa en el centro de la capital y cubrir los gastos de cinco a\u00f1os del movimiento. Amigas y amigos de Guatemala, de B\u00e9lgica, de Holanda y de los Estados Unidos, nos apoyaron tambi\u00e9n para realizar este proyecto.<\/p><p style=\"text-align: left;\">Despu\u00e9s de a\u00f1os de esfuerzos, de logros y derrotas, de esperanzas y desalientos, llegamos, en agosto del 2002, a la fase de la gesti\u00f3n com\u00fan en la cual todas las decisiones eran tomadas no s\u00f3lo por los adultos, sino tambi\u00e9n junto a los j\u00f3venes, en asambleas generales, de programas y de grupos de la calle. La asamblea eligi\u00f3 una coordinaci\u00f3n de siete muchachas y muchachos encargados de ejecutar junto a los educadores las decisiones de la asamblea y de guiar la actuaci\u00f3n de la programaci\u00f3n decidida por todos.<\/p><p style=\"text-align: left;\">El 8 de abril del 2006, la Asamblea General de las y de los j\u00f3venes del Mojoca decidi\u00f3 realizar una completa autogesti\u00f3n. Del 2006 al 2010 fueron realizados notables progresos y ahora el Comit\u00e9 de Gesti\u00f3n ha tomado responsabilidades de todos los programas y de la misma administraci\u00f3n.<\/p><p style=\"text-align: left;\">De 1993 hasta hoy el Mojoca hizo un largo camino. A pesar de las dificultades, centenares de muchachas y muchachos se integraron a la sociedad. Lamentablemente, demasiados perdieron la vida v\u00edctimas del Sida, de la droga, de los escuadrones de la muerte y de la indiferencia de muchas personas e instituciones. Hay tambi\u00e9n j\u00f3venes que no quieren salir de la calle y aprovechar las oportunidades que el Mojoca les ofrece. Se vuelven indigentes y alcoh\u00f3licos y se forman generaciones en la calle. Otros pueden volverse delincuentes habituales que viven de robos y agresiones y son a menudo encarcelados o asesinados.<\/p><p style=\"text-align: left;\">Hoy el Mojoca tiene una buena organizaci\u00f3n que mejora de a\u00f1o en a\u00f1o en funci\u00f3n de las dificultades que se encuentran. Tenemos ya una larga experiencia y hemos adquirido capacidades de buena administraci\u00f3n. Hoy sabemos elaborar proyectos complejos y presupuestos, informes narrativos y financieros. Partiendo de la praxis, de encuestas e investigaciones, estamos elaborando un m\u00e9todo educativo centrado en la atenci\u00f3n individual a las personas y en la amistad liberadora.<\/p><p style=\"text-align: left;\">En septiembre de 2012 una Asamblea General de las y los j\u00f3venes del Mojoca acept\u00f3 la propuesta de reorientar nuestras actividades hacia las actividades productivas y el trabajo para responder a las dificultades que ellas y ellos encuentran para obtener una fuente estable de ingresos que les permita subsistir e insertarse con \u00e9xito en la sociedad. Esta tambi\u00e9n fue una respuesta a las dificultades financieras que la crisis de la econom\u00eda mundial plantea a nuestro movimiento. Por tanto, se retom\u00f3 la creaci\u00f3n de microempresas y se hicieron transformaciones en los programas de la Escuela de la Amistad, la Casa Ocho de Marzo y otros para priorizar los proyectos productivos y la b\u00fasqueda de trabajo.<\/p><p style=\"text-align: left;\">Ahora, 25 a\u00f1os despu\u00e9s, el Mojoca es conocido y apreciado por numerosas personas y asociaciones en Guatemala y varios pa\u00edses del mundo que nos apoyan no s\u00f3lo con subvenciones, sino tambi\u00e9n con asesor\u00eda administrativa y educativa, con intercambios y con voluntarias y voluntarios que trabajan con nosotros por seis o doce meses. Con ellos desarrollamos relaciones de amistad y estamos unidos en la voluntad de trabajar por un mundo m\u00e1s justo.<\/p>\t\t\t\t\t\t\t\t<\/div>\n\t\t\t\t<\/div>\n\t\t\t\t\t<\/div>\n\t\t<\/div>\n\t\t\t\t\t<\/div>\n\t\t<\/section>\n\t\t\t\t<section class=\"elementor-section elementor-top-section elementor-element elementor-element-15246be1 elementor-section-content-middle elementor-section-boxed elementor-section-height-default elementor-section-height-default elementor-invisible\" data-id=\"15246be1\" data-element_type=\"section\" data-settings=\"{&quot;animation&quot;:&quot;rotateInUpRight&quot;}\">\n\t\t\t\t\t\t<div class=\"elementor-container elementor-column-gap-default\">\n\t\t\t\t\t<div class=\"elementor-column elementor-col-50 elementor-top-column elementor-element elementor-element-46dd0cf1\" data-id=\"46dd0cf1\" data-element_type=\"column\">\n\t\t\t<div class=\"elementor-widget-wrap\">\n\t\t\t\t\t\t\t<\/div>\n\t\t<\/div>\n\t\t\t\t<div class=\"elementor-column elementor-col-50 elementor-top-column elementor-element elementor-element-28154d99\" data-id=\"28154d99\" data-element_type=\"column\">\n\t\t\t<div class=\"elementor-widget-wrap elementor-element-populated\">\n\t\t\t\t\t\t<div class=\"elementor-element elementor-element-74ca918 elementor-widget elementor-widget-image\" data-id=\"74ca918\" data-element_type=\"widget\" data-widget_type=\"image.default\">\n\t\t\t\t<div class=\"elementor-widget-container\">\n\t\t\t\t\t\t\t\t\t\t\t\t\t\t\t<img decoding=\"async\" width=\"448\" height=\"299\" src=\"https:\/\/mojoca.org.gt\/web\/wp-content\/uploads\/2019\/03\/IMG_3986.jpg\" class=\"attachment-full size-full wp-image-109\" alt=\"\" srcset=\"https:\/\/mojoca.org.gt\/web\/wp-content\/uploads\/2019\/03\/IMG_3986.jpg 448w, https:\/\/mojoca.org.gt\/web\/wp-content\/uploads\/2019\/03\/IMG_3986-300x200.jpg 300w\" sizes=\"(max-width: 448px) 100vw, 448px\" \/>\t\t\t\t\t\t\t\t\t\t\t\t\t\t\t<\/div>\n\t\t\t\t<\/div>\n\t\t\t\t\t<\/div>\n\t\t<\/div>\n\t\t\t\t\t<\/div>\n\t\t<\/section>\n\t\t\t\t<section class=\"elementor-section elementor-top-section elementor-element elementor-element-70542576 elementor-section-content-middle elementor-reverse-mobile elementor-section-boxed elementor-section-height-default elementor-section-height-default elementor-invisible\" data-id=\"70542576\" data-element_type=\"section\" data-settings=\"{&quot;animation&quot;:&quot;rotateInUpRight&quot;}\">\n\t\t\t\t\t\t<div class=\"elementor-container elementor-column-gap-default\">\n\t\t\t\t\t<div class=\"elementor-column elementor-col-50 elementor-top-column elementor-element elementor-element-23ff3cd0\" data-id=\"23ff3cd0\" data-element_type=\"column\">\n\t\t\t<div class=\"elementor-widget-wrap elementor-element-populated\">\n\t\t\t\t\t\t<div class=\"elementor-element elementor-element-2172db62 elementor-widget elementor-widget-image\" data-id=\"2172db62\" data-element_type=\"widget\" data-widget_type=\"image.default\">\n\t\t\t\t<div class=\"elementor-widget-container\">\n\t\t\t\t\t\t\t\t\t\t\t\t\t\t\t<img loading=\"lazy\" decoding=\"async\" width=\"448\" height=\"299\" src=\"https:\/\/mojoca.org.gt\/web\/wp-content\/uploads\/2019\/03\/IMG_4131.jpg\" class=\"attachment-full size-full wp-image-106\" alt=\"\" srcset=\"https:\/\/mojoca.org.gt\/web\/wp-content\/uploads\/2019\/03\/IMG_4131.jpg 448w, https:\/\/mojoca.org.gt\/web\/wp-content\/uploads\/2019\/03\/IMG_4131-300x200.jpg 300w\" sizes=\"(max-width: 448px) 100vw, 448px\" \/>\t\t\t\t\t\t\t\t\t\t\t\t\t\t\t<\/div>\n\t\t\t\t<\/div>\n\t\t\t\t\t<\/div>\n\t\t<\/div>\n\t\t\t\t<div class=\"elementor-column elementor-col-50 elementor-top-column elementor-element elementor-element-2201ace5\" data-id=\"2201ace5\" data-element_type=\"column\">\n\t\t\t<div class=\"elementor-widget-wrap\">\n\t\t\t\t\t\t\t<\/div>\n\t\t<\/div>\n\t\t\t\t\t<\/div>\n\t\t<\/section>\n\t\t\t\t<section class=\"elementor-section elementor-top-section elementor-element elementor-element-2f1cd610 elementor-section-content-middle elementor-section-boxed elementor-section-height-default elementor-section-height-default elementor-invisible\" data-id=\"2f1cd610\" data-element_type=\"section\" data-settings=\"{&quot;background_background&quot;:&quot;classic&quot;,&quot;animation&quot;:&quot;rotateInUpRight&quot;}\">\n\t\t\t\t\t\t<div class=\"elementor-container elementor-column-gap-default\">\n\t\t\t\t\t<div class=\"elementor-column elementor-col-50 elementor-top-column elementor-element elementor-element-6b0ed350\" data-id=\"6b0ed350\" data-element_type=\"column\">\n\t\t\t<div class=\"elementor-widget-wrap\">\n\t\t\t\t\t\t\t<\/div>\n\t\t<\/div>\n\t\t\t\t<div class=\"elementor-column elementor-col-50 elementor-top-column elementor-element elementor-element-476667f7\" data-id=\"476667f7\" data-element_type=\"column\">\n\t\t\t<div class=\"elementor-widget-wrap elementor-element-populated\">\n\t\t\t\t\t\t<div class=\"elementor-element elementor-element-4d56ff02 elementor-widget elementor-widget-image\" data-id=\"4d56ff02\" data-element_type=\"widget\" data-widget_type=\"image.default\">\n\t\t\t\t<div class=\"elementor-widget-container\">\n\t\t\t\t\t\t\t\t\t\t\t\t\t\t\t<img loading=\"lazy\" decoding=\"async\" width=\"1280\" height=\"720\" src=\"https:\/\/mojoca.org.gt\/web\/wp-content\/uploads\/2019\/03\/IMG-20190222-WA0004.jpg\" class=\"attachment-full size-full wp-image-107\" alt=\"\" srcset=\"https:\/\/mojoca.org.gt\/web\/wp-content\/uploads\/2019\/03\/IMG-20190222-WA0004.jpg 1280w, https:\/\/mojoca.org.gt\/web\/wp-content\/uploads\/2019\/03\/IMG-20190222-WA0004-300x169.jpg 300w, https:\/\/mojoca.org.gt\/web\/wp-content\/uploads\/2019\/03\/IMG-20190222-WA0004-768x432.jpg 768w, https:\/\/mojoca.org.gt\/web\/wp-content\/uploads\/2019\/03\/IMG-20190222-WA0004-1024x576.jpg 1024w, https:\/\/mojoca.org.gt\/web\/wp-content\/uploads\/2019\/03\/IMG-20190222-WA0004-820x460.jpg 820w, https:\/\/mojoca.org.gt\/web\/wp-content\/uploads\/2019\/03\/IMG-20190222-WA0004-1260x710.jpg 1260w\" sizes=\"(max-width: 1280px) 100vw, 1280px\" \/>\t\t\t\t\t\t\t\t\t\t\t\t\t\t\t<\/div>\n\t\t\t\t<\/div>\n\t\t\t\t\t<\/div>\n\t\t<\/div>\n\t\t\t\t\t<\/div>\n\t\t<\/section>\n\t\t\t\t<\/div>\n\t\t","protected":false},"excerpt":{"rendered":"<p>El sue\u00f1o de un movimiento dirigido por las y los j\u00f3venes de la calle empez\u00f3 a desarrollarse a partir de una investigaci\u00f3n realizada en los &hellip; <\/p>\n","protected":false},"author":1,"featured_media":0,"parent":0,"menu_order":0,"comment_status":"closed","ping_status":"closed","template":"","meta":{"footnotes":""},"_links":{"self":[{"href":"https:\/\/mojoca.org.gt\/web\/wp-json\/wp\/v2\/pages\/33"}],"collection":[{"href":"https:\/\/mojoca.org.gt\/web\/wp-json\/wp\/v2\/pages"}],"about":[{"href":"https:\/\/mojoca.org.gt\/web\/wp-json\/wp\/v2\/types\/page"}],"author":[{"embeddable":true,"href":"https:\/\/mojoca.org.gt\/web\/wp-json\/wp\/v2\/users\/1"}],"replies":[{"embeddable":true,"href":"https:\/\/mojoca.org.gt\/web\/wp-json\/wp\/v2\/comments?post=33"}],"version-history":[{"count":9,"href":"https:\/\/mojoca.org.gt\/web\/wp-json\/wp\/v2\/pages\/33\/revisions"}],"predecessor-version":[{"id":115,"href":"https:\/\/mojoca.org.gt\/web\/wp-json\/wp\/v2\/pages\/33\/revisions\/115"}],"wp:attachment":[{"href":"https:\/\/mojoca.org.gt\/web\/wp-json\/wp\/v2\/media?parent=33"}],"curies":[{"name":"wp","href":"https:\/\/api.w.org\/{rel}","templated":true}]}}